{"id":1366,"date":"2025-02-26T12:47:41","date_gmt":"2025-02-26T12:47:41","guid":{"rendered":"https:\/\/beiratkozas.hu\/jogsi\/?page_id=1366"},"modified":"2025-02-28T09:11:06","modified_gmt":"2025-02-28T09:11:06","slug":"enrolling-eng","status":"publish","type":"page","link":"https:\/\/beiratkozas.hu\/jogsi\/enrolling-eng\/","title":{"rendered":"ENROLLING (ENG)"},"content":{"rendered":"<p style=\"text-align: center;\"><a href=\"https:\/\/europa.eu\/youreurope\/citizens\/vehicles\/driving-licence\/get-driving-licence\/index_en.htm\" target=\"_blank\" rel=\"noopener\"><img decoding=\"async\" class=\"size-full wp-image-1480 aligncenter\" src=\"https:\/\/beiratkozas.hu\/jogsi\/wp-content\/uploads\/2025\/02\/gomb1.jpg\" alt=\"\" width=\"300\" height=\"50\" \/><\/a><\/p>\n<p style=\"text-align: center;\"><img decoding=\"async\" class=\"wp-image-1486 aligncenter\" src=\"https:\/\/beiratkozas.hu\/jogsi\/wp-content\/uploads\/2025\/02\/nyil3.jpg\" alt=\"\" width=\"30\" height=\"30\" \/><\/p>\n\n<div class=\"wpcf7 no-js\" id=\"wpcf7-f10-o1\" lang=\"hu-HU\" dir=\"ltr\" data-wpcf7-id=\"10\">\n<div class=\"screen-reader-response\"><p role=\"status\" aria-live=\"polite\" aria-atomic=\"true\"><\/p> <ul><\/ul><\/div>\n<form action=\"\/jogsi\/wp-json\/wp\/v2\/pages\/1366#wpcf7-f10-o1\" method=\"post\" class=\"wpcf7-form init\" aria-label=\"Kapcsolatfelv\u00e9teli \u0171rlap\" novalidate=\"novalidate\" data-status=\"init\">\n<fieldset class=\"hidden-fields-container\"><input type=\"hidden\" name=\"_wpcf7\" value=\"10\" \/><input type=\"hidden\" name=\"_wpcf7_version\" value=\"6.1.5\" \/><input type=\"hidden\" name=\"_wpcf7_locale\" value=\"hu_HU\" \/><input type=\"hidden\" name=\"_wpcf7_unit_tag\" value=\"wpcf7-f10-o1\" \/><input type=\"hidden\" name=\"_wpcf7_container_post\" value=\"0\" \/><input type=\"hidden\" name=\"_wpcf7_posted_data_hash\" value=\"\" \/><input type=\"hidden\" name=\"_wpcf7_recaptcha_response\" value=\"\" \/>\n<\/fieldset>\n<p>Required fields: (*) marked with an asterisk - Please fill in the contract details very accurately!\n<\/p>\n<p>Enter the name of your prospective instructor or instructor driving school*<br \/>\n<span class=\"wpcf7-form-control-wrap\" data-name=\"text-579\"><input size=\"40\" maxlength=\"400\" class=\"wpcf7-form-control wpcf7-text wpcf7-validates-as-required\" aria-required=\"true\" aria-invalid=\"false\" value=\"\" type=\"text\" name=\"text-579\" \/><\/span>\n<\/p>\n<p>ADULT LEARNING CONTRACT\n<\/p>\n<p>Internal registration number:..............\n<\/p>\n<p>Which is concluded on the basis of the Adult Education Act, between Bal1 Aut\u00f3siskola (InfoCart-Team Bt. - Company No.: 01 06 789704, Tax No.: 25327474-1-41, Registered office: 1034 Budapest, B\u00e9csi \u00fat 125, Adult Education Registration No.: B\/2021\/000972), telephone 36205172068, email petoattila@bal1.hu, as a driving school, and\n<\/p>\n<p><label> Name \u2013 exact and full*<br \/>\n<span class=\"wpcf7-form-control-wrap\" data-name=\"your-name\"><input size=\"40\" maxlength=\"400\" class=\"wpcf7-form-control wpcf7-text wpcf7-validates-as-required\" aria-required=\"true\" aria-invalid=\"false\" value=\"\" type=\"text\" name=\"your-name\" \/><\/span><br \/>\n<\/label><label><br \/>\n<\/label><label> Name at birth \u2013 exact and full*<br \/>\n<span class=\"wpcf7-form-control-wrap\" data-name=\"text-136\"><input size=\"40\" maxlength=\"400\" class=\"wpcf7-form-control wpcf7-text wpcf7-validates-as-required\" aria-required=\"true\" aria-invalid=\"false\" value=\"\" type=\"text\" name=\"text-136\" \/><\/span><br \/>\n<\/label><label><br \/>\n<\/label><label> Country of birth*<br \/>\n<span class=\"wpcf7-form-control-wrap\" data-name=\"text-267\"><input size=\"40\" maxlength=\"400\" class=\"wpcf7-form-control wpcf7-text wpcf7-validates-as-required\" aria-required=\"true\" aria-invalid=\"false\" value=\"\" type=\"text\" name=\"text-267\" \/><\/span><br \/>\n<\/label><label><br \/>\n<\/label><label> Place of birth and, for Budapest, district*<br \/>\n<span class=\"wpcf7-form-control-wrap\" data-name=\"text-137\"><input size=\"40\" maxlength=\"400\" class=\"wpcf7-form-control wpcf7-text wpcf7-validates-as-required\" aria-required=\"true\" aria-invalid=\"false\" value=\"\" type=\"text\" name=\"text-137\" \/><\/span><br \/>\n<\/label><label><br \/>\n<\/label><label> Date of birth*<br \/>\n<span class=\"wpcf7-form-control-wrap\" data-name=\"date-624\"><input class=\"wpcf7-form-control wpcf7-date wpcf7-validates-as-required wpcf7-validates-as-date\" min=\"1930-01-01\" aria-required=\"true\" aria-invalid=\"false\" value=\"\" type=\"date\" name=\"date-624\" \/><\/span><br \/>\n<\/label><label><br \/>\n<\/label><label> Mother's maiden name - exact and full*<br \/>\n<span class=\"wpcf7-form-control-wrap\" data-name=\"text-138\"><input size=\"40\" maxlength=\"400\" class=\"wpcf7-form-control wpcf7-text wpcf7-validates-as-required\" aria-required=\"true\" aria-invalid=\"false\" value=\"\" type=\"text\" name=\"text-138\" \/><\/span><br \/>\n<\/label><label><br \/>\n<\/label><label> Permanent address - exact and full, with postcode*<br \/>\n<span class=\"wpcf7-form-control-wrap\" data-name=\"text-139\"><input size=\"40\" maxlength=\"400\" class=\"wpcf7-form-control wpcf7-text wpcf7-validates-as-required\" aria-required=\"true\" aria-invalid=\"false\" value=\"\" type=\"text\" name=\"text-139\" \/><\/span><br \/>\n<\/label><label><br \/>\n<\/label><label> Residence address - exact and full, with postcode*<br \/>\n<span class=\"wpcf7-form-control-wrap\" data-name=\"text-140\"><input size=\"40\" maxlength=\"400\" class=\"wpcf7-form-control wpcf7-text wpcf7-validates-as-required\" aria-required=\"true\" aria-invalid=\"false\" value=\"\" type=\"text\" name=\"text-140\" \/><\/span><br \/>\n<\/label><label><br \/>\n<\/label><label> ID card or passport number*<br \/>\n<span class=\"wpcf7-form-control-wrap\" data-name=\"text-141\"><input size=\"40\" maxlength=\"400\" class=\"wpcf7-form-control wpcf7-text wpcf7-validates-as-required\" aria-required=\"true\" aria-invalid=\"false\" value=\"\" type=\"text\" name=\"text-141\" \/><\/span><br \/>\n<\/label><label><br \/>\n<\/label><label> Do you have a certificate of primary education? (yes\/no)<br \/>\n<span class=\"wpcf7-form-control-wrap\" data-name=\"text-145\"><input size=\"40\" maxlength=\"400\" class=\"wpcf7-form-control wpcf7-text wpcf7-validates-as-required\" aria-required=\"true\" aria-invalid=\"false\" value=\"\" type=\"text\" name=\"text-145\" \/><\/span><br \/>\n<\/label><label><br \/>\n<\/label><label> Email address*<br \/>\n<span class=\"wpcf7-form-control-wrap\" data-name=\"email-820\"><input size=\"40\" maxlength=\"400\" class=\"wpcf7-form-control wpcf7-email wpcf7-validates-as-required wpcf7-text wpcf7-validates-as-email\" aria-required=\"true\" aria-invalid=\"false\" value=\"\" type=\"email\" name=\"email-820\" \/><\/span><br \/>\n<\/label><label><br \/>\n<\/label><label> Telephone number*<br \/>\n<span class=\"wpcf7-form-control-wrap\" data-name=\"text-146\"><input size=\"40\" maxlength=\"400\" class=\"wpcf7-form-control wpcf7-text wpcf7-validates-as-required\" aria-required=\"true\" aria-invalid=\"false\" value=\"\" type=\"text\" name=\"text-146\" \/><\/span><br \/>\n<\/label><label><br \/>\n<\/label><label> Existing driving licence category and number<br \/>\n<span class=\"wpcf7-form-control-wrap\" data-name=\"text-888\"><input size=\"40\" maxlength=\"400\" class=\"wpcf7-form-control wpcf7-text\" aria-invalid=\"false\" value=\"\" type=\"text\" name=\"text-888\" \/><\/span><br \/>\n<\/label><label><br \/>\n<\/label><label> Are you under a driving disqualification* - yes\/no<br \/>\n<span class=\"wpcf7-form-control-wrap\" data-name=\"text-987\"><input size=\"40\" maxlength=\"400\" class=\"wpcf7-form-control wpcf7-text wpcf7-validates-as-required\" aria-required=\"true\" aria-invalid=\"false\" value=\"\" type=\"text\" name=\"text-987\" \/><\/span><br \/>\n<\/label><label><br \/>\nFor contractors under 18 years of age<br \/>\n<\/label><label> Name of the legal representative<br \/>\n<span class=\"wpcf7-form-control-wrap\" data-name=\"text-147\"><input size=\"40\" maxlength=\"400\" class=\"wpcf7-form-control wpcf7-text\" aria-invalid=\"false\" value=\"\" type=\"text\" name=\"text-147\" \/><\/span><br \/>\n<\/label><label><br \/>\n<\/label><label> Telephone number<br \/>\n<span class=\"wpcf7-form-control-wrap\" data-name=\"text-148\"><input size=\"40\" maxlength=\"400\" class=\"wpcf7-form-control wpcf7-text\" aria-invalid=\"false\" value=\"\" type=\"text\" name=\"text-148\" \/><\/span><br \/>\n<\/label><label><br \/>\n<\/label><label> Email address<br \/>\n<span class=\"wpcf7-form-control-wrap\" data-name=\"email-16\"><input size=\"40\" maxlength=\"400\" class=\"wpcf7-form-control wpcf7-email wpcf7-text wpcf7-validates-as-email\" aria-invalid=\"false\" value=\"\" type=\"email\" name=\"email-16\" \/><\/span><br \/>\n<\/label><label><br \/>\nas a leaner. Under this contract, the driving school undertakes to provide the above named learner with a category B driving course (theoretical basic knowledge and practical training and related services as \"training\"), as follows: a category B driving course.<br \/>\nThe number of hours of training: 28 hours of theoretical instruction or equivalent closed distance learning and at least 29 hours of driving practice + 1 hour of driving test. In addition, there is the possibility to take additional theoretical and practical lessons.<br \/>\nThe timetable for the classroom training is divided into curricular units: information lecture, in the case of e-learning training information e-mail, theoretical instruction, theory test, driving practice, traffic test. Based on the schedule provided for in the GKM Decree 24\/2005 and the relevant \"Classroom and examination requirements\".<br \/>\nStart date of e-learning training: the date of first access to the accredited e-learning framework's curriculum, as recorded in the framework.<br \/>\nPlanned or possible end of the training: the learner can take a successful driving test within two years of passing the theoretical exam. The theoretical training will expire after 9 months without a theoretical examination and after one year without a successful examination. A driving licence course without an examination is valid for 9 months. The maximum duration of training is therefore 36 months.<br \/>\nDocument obtained on completion of the training: After completing the entire training and passing the theory and driving test: category \"B\" driving licence.<br \/>\nMethod of monitoring and assessing performance during the training: theoretical and practical examinations<br \/>\nConditions for taking the exam:<br \/>\n* Theoretical examination: minimum age 16 years and 9 months, minimum primary education (8th grade), medical certificate, official document with photo identification and signed application form, certified completion of the theoretical course.<br \/>\n* Driving test: at least 17 years of age, at least 29 hours of training and 580 km of proven driving experience.<br \/>\nPermissible absence rate: 0 % of the theoretical classroom course may be missed. Any absence must be made up due to legal requirements. Absences in the case of e-learning training cannot be interpreted.<br \/>\nSupport for training: those under 20 years of age at the time of passing the driving test and those on childcare or child support can receive a state subsidy of HUF 25,000 under Government Decree 55\/2018 (23.III.) until its revocation.<br \/>\nThe amount and conditions of the scholarship granted within the framework of the training:<br \/>\nThe learner undertakes to pay the fees for the compensation of the training as provided for in this contract. In addition to the minimum of 30 hours of practical training required by law, the learner may be entitled to additional hours of practical training.<br \/>\nBy signing this contract, the learner consents to the processing of his\/her personal data. Acknowledges that he\/she has read and accepted the training information, terms of engagement and privacy policy prepared by the driving school. By signing this contract, the learner agrees to the transfer of his\/her personal data, tax number and e-mail address to the adult education data system of the adult education public administration.<br \/>\nThe learner authorises the driving school or the practical instructor to act on his\/her behalf for the administration and payment of the examinations. The learner acknowledges that the driving test may only be taken under the supervision of a driving instructor, as described in the training regulation. The instructors have a cooperation agreement with the driving school.<br \/>\nThe training contract may be terminated subject to the following conditions (consequences of failure to comply with the training contract):<br \/>\n- students can take their exams within two years of passing the theory test. A theoretical course without a successful examination expires after one year. A theoreticalcourse is valid for 9 months without an examination and for 12 months without a successful theoretical examination. After these periods have expired, this contract shall expire.<br \/>\n- The learner may terminate this contract without giving any reason at any stage of the training. The refund of unused fees paid is governed by the last paragraph of this contract. The school shall issue a training certificate for the training completed.<br \/>\n- the driving school may terminate this contract and refuse to provide further training if the student fails to pay the service fees by the deadline specified in the fee payment schedule.<br \/>\nThe driving school shall provide only training services under this contract. It therefore accepts no responsibility for exam results, examination results, the issuing of driving licences, examination fees or changes in legislation.<br \/>\nThe school undertakes to provide the driving lessons required for the driving test within the time limits laid down by law.<br \/>\nService fees, payment of fees:<br \/>\n<\/label><label><br \/>\n<\/label><label><br \/>\n<\/label>\n<\/p>\n<h1 style=\"font-size:16px; color:red;\">Please use the drop-down menu below to select the course of your choice (the course you have selected will become the subject of the contract)\n<\/h1>\n<p><label><br \/>\n<\/label><label><span class=\"wpcf7-form-control-wrap\" data-name=\"menu-200\"><select class=\"wpcf7-form-control wpcf7-select wpcf7-validates-as-required\" aria-required=\"true\" aria-invalid=\"false\" name=\"menu-200\"><option value=\"Theory Course for Category B HUF 94 000,-\">Theory Course for Category B HUF 94 000,-<\/option><option value=\"Registration from other driving schools -requires prior agreement with the prospective  driving instructor - HUF 30 000,-\">Registration from other driving schools -requires prior agreement with the prospective  driving instructor - HUF 30 000,-<\/option><\/select><\/span><br \/>\n<\/label><label><br \/>\n<\/label><label> Payment deadline: within 24 hours of the conclusion of the contract.<br \/>\nThe amount includes: the use of e-titan e-learning closed distance learning course materials and participation in consultations. In the case of classroom training, 28 hours of theoretical training.<br \/>\nThe learner acknowledges that, if he\/she takes the e-learning course, he\/she will start the course within 30 days of the date of receipt of the registration email sent by the accredited e-learning system, i.e. he\/she will actually log in to the e-learning platform and start learning the course material. If this does not happen, the learner accepts that his\/her adult learning contract will expire and will only be entitled to register in the e-learning system after concluding a new contract and paying a new course fee.<br \/>\nOther fees include:<br \/>\nThe course includes the theoretical exam fee! Additional theoretical exam fee: 4 600,- Ft.<br \/>\nDriving lesson fee: HUF 12 000 per lesson, minimum 29 lessons + 1 exam lesson, which can be paid in several instalments, as described in a separate fee agreement with the instructor.<br \/>\nDriving test fee: HUF 11 000 Deadline for payment: at the time of application for the driving test.<br \/>\nAn administration fee may be charged per examination.<br \/>\n- The total base fee for the training course with the category B theoretical e-learning package, exams and 30 hours of driving, calculated at a driving fee of 12,000 HUF per hour: HUF 471\u00a0600. The total training fee may vary depending on the hourly driving fee.<br \/>\nThe theoretical tuition fee and theoretical examination fee can be paid by credit card or bank transfer at the time of conclusion of the distance learning contract at www.bal1.hu. Bank account number for the transfer: InfoCart-Team Bt. BinX 30400001-00000000-33001395<br \/>\nIn the event of cancellation of the contract by the learner, the learner will be refunded the fees for the lessons not completed. The driving school will reimburse the unused practical lessons - within 8 working days of the notification of the claim at the latest. No other fees paid after enrolment may be claimed back for any reason whatsoever, including fees paid for theoretical lessons.<br \/>\nThe school has the right to adjust the fees that have not yet been charged.<br \/>\nBy ticking the boxes below, I declare that I have read and understood the Information Document and the Terms and Conditions and accept that the contract between the absent parties has been concluded.<br \/>\n<\/label><label>Online, D\u00e1tum <span class=\"wpcf7-form-control-wrap\" data-name=\"date-768\"><input class=\"wpcf7-form-control wpcf7-date wpcf7-validates-as-required wpcf7-validates-as-date\" min=\"2025-01-01\" aria-required=\"true\" aria-invalid=\"false\" value=\"\" type=\"date\" name=\"date-768\" \/><\/span><br \/>\n<\/label><label><span class=\"wpcf7-form-control-wrap\" data-name=\"acceptance-562\"><span class=\"wpcf7-form-control wpcf7-acceptance optional\"><span class=\"wpcf7-list-item\"><label><input type=\"checkbox\" name=\"acceptance-562\" value=\"1\" aria-invalid=\"false\" \/><span class=\"wpcf7-list-item-label\">I declare that the information provided is correct<\/span><\/label><\/span><\/span><\/span><br \/>\n<\/label><label><span class=\"wpcf7-form-control-wrap\" data-name=\"acceptance-281\"><span class=\"wpcf7-form-control wpcf7-acceptance\"><span class=\"wpcf7-list-item\"><label><input type=\"checkbox\" name=\"acceptance-281\" value=\"1\" aria-invalid=\"false\" \/><span class=\"wpcf7-list-item-label\">I have read and understood the privacy policy and I accept it I ACCEPT<\/span><\/label><\/span><\/span><\/span><a href=\"https:\/\/bal1.hu\/plusz\/privacy-policy\/\" target=\"_blank\"> READ ME <\/a><br \/>\n<\/label><label><span class=\"wpcf7-form-control-wrap\" data-name=\"acceptance-282\"><span class=\"wpcf7-form-control wpcf7-acceptance\"><span class=\"wpcf7-list-item\"><label><input type=\"checkbox\" name=\"acceptance-282\" value=\"1\" aria-invalid=\"false\" \/><span class=\"wpcf7-list-item-label\">I have read and accept the Terms and Conditions of Undertaking I ACCEPT<\/span><\/label><\/span><\/span><\/span><a href=\"https:\/\/bal1.hu\/plusz\/vallalasi-feltetelek\/\" target=\"_blank\"> READ ME <\/a><br \/>\n<\/label><label><span class=\"wpcf7-form-control-wrap\" data-name=\"acceptance-283\"><span class=\"wpcf7-form-control wpcf7-acceptance\"><span class=\"wpcf7-list-item\"><label><input type=\"checkbox\" name=\"acceptance-283\" value=\"1\" aria-invalid=\"false\" \/><span class=\"wpcf7-list-item-label\">I have read the Information Document and accept it I ACCEPT<\/span><\/label><\/span><\/span><\/span><a href=\"https:\/\/bal1.hu\/plusz\/tajekoztato\/\" target=\"_blank\"> READ ME <\/a><br \/>\n<\/label><label><span class=\"wpcf7-form-control-wrap\" data-name=\"acceptance-284\"><span class=\"wpcf7-form-control wpcf7-acceptance\"><span class=\"wpcf7-list-item\"><label><input type=\"checkbox\" name=\"acceptance-284\" value=\"1\" aria-invalid=\"false\" \/><span class=\"wpcf7-list-item-label\">I consider the Adult Education Contract to be concluded.<\/span><\/label><\/span><\/span><\/span><br \/>\n<\/label>\n<\/p>\n<p align=\"center\"><b>Attention! You can save the current contract by clicking on the \"Download your PDF contract here\" button! We recommend you to download the document. In case you forget, you will also receive your contract as an attached PDF file to your email address. IMPORTANT: After pressing the Submit button, you will receive a reply email with a payment link, where you can choose to pay the course fee by credit card or by bank transfer.<\/b>\n<\/p>\n<p><label><input class=\"wpcf7-form-control wpcf7-submit has-spinner\" type=\"submit\" value=\"I SEND AND CONCLUDE THE CONTRACT\" \/><\/label>\n<\/p><div class=\"wpcf7-response-output\" aria-hidden=\"true\"><\/div>\n<\/form>\n<\/div>\n\n","protected":false},"excerpt":{"rendered":"","protected":false},"author":1,"featured_media":0,"parent":0,"menu_order":0,"comment_status":"closed","ping_status":"closed","template":"","meta":{"footnotes":""},"class_list":["post-1366","page","type-page","status-publish","hentry"],"_links":{"self":[{"href":"https:\/\/beiratkozas.hu\/jogsi\/wp-json\/wp\/v2\/pages\/1366","targetHints":{"allow":["GET"]}}],"collection":[{"href":"https:\/\/beiratkozas.hu\/jogsi\/wp-json\/wp\/v2\/pages"}],"about":[{"href":"https:\/\/beiratkozas.hu\/jogsi\/wp-json\/wp\/v2\/types\/page"}],"author":[{"embeddable":true,"href":"https:\/\/beiratkozas.hu\/jogsi\/wp-json\/wp\/v2\/users\/1"}],"replies":[{"embeddable":true,"href":"https:\/\/beiratkozas.hu\/jogsi\/wp-json\/wp\/v2\/comments?post=1366"}],"version-history":[{"count":14,"href":"https:\/\/beiratkozas.hu\/jogsi\/wp-json\/wp\/v2\/pages\/1366\/revisions"}],"predecessor-version":[{"id":1487,"href":"https:\/\/beiratkozas.hu\/jogsi\/wp-json\/wp\/v2\/pages\/1366\/revisions\/1487"}],"wp:attachment":[{"href":"https:\/\/beiratkozas.hu\/jogsi\/wp-json\/wp\/v2\/media?parent=1366"}],"curies":[{"name":"wp","href":"https:\/\/api.w.org\/{rel}","templated":true}]}}